{"id":766,"date":"2026-03-23T15:21:17","date_gmt":"2026-03-23T14:21:17","guid":{"rendered":"https:\/\/lanyardshop.eu\/?page_id=766"},"modified":"2026-03-25T11:28:06","modified_gmt":"2026-03-25T10:28:06","slug":"impressum","status":"publish","type":"page","link":"https:\/\/lanyardshop.eu\/de\/impressum\/","title":{"rendered":"Impressum"},"content":{"rendered":"\t\t<div data-elementor-type=\"wp-page\" data-elementor-id=\"766\" class=\"elementor elementor-766 elementor-342\" data-elementor-post-type=\"page\">\n\t\t\t\t<div class=\"elementor-element elementor-element-f88f3df e-flex e-con-boxed e-con e-parent\" data-id=\"f88f3df\" data-element_type=\"container\" data-e-type=\"container\" data-settings=\"{&quot;background_background&quot;:&quot;classic&quot;}\">\n\t\t\t\t\t<div class=\"e-con-inner\">\n\t\t\t\t<div class=\"elementor-element elementor-element-80dd397 elementor-widget elementor-widget-heading\" data-id=\"80dd397\" data-element_type=\"widget\" data-e-type=\"widget\" data-widget_type=\"heading.default\">\n\t\t\t\t\t<h1 class=\"elementor-heading-title elementor-size-default\">Impressum<\/h1>\t\t\t\t<\/div>\n\t\t\t\t\t<\/div>\n\t\t\t\t<\/div>\n\t\t<div class=\"elementor-element elementor-element-76b87f0 e-flex e-con-boxed e-con e-parent\" data-id=\"76b87f0\" data-element_type=\"container\" data-e-type=\"container\">\n\t\t\t\t\t<div class=\"e-con-inner\">\n\t\t\t\t<div class=\"elementor-element elementor-element-e75c0be elementor-widget__width-initial elementor-widget elementor-widget-text-editor\" data-id=\"e75c0be\" data-element_type=\"widget\" data-e-type=\"widget\" data-widget_type=\"text-editor.default\">\n\t\t\t\t\t\t\t\t\t<p data-start=\"1089\" data-end=\"1129\"><strong data-start=\"1089\" data-end=\"1109\">Diensteanbieter:<\/strong><br data-start=\"1109\" data-end=\"1112\" \/>B\u00e1nkuti 2004 Kft.<\/p><p data-start=\"1131\" data-end=\"1178\"><strong data-start=\"1131\" data-end=\"1140\">Sitz:<\/strong><br data-start=\"1140\" data-end=\"1143\" \/>2600 V\u00e1c, Csatamez\u0151 u. 6\/a., Ungarn<\/p><p data-start=\"1180\" data-end=\"1221\"><strong data-start=\"1180\" data-end=\"1206\">Handelsregisternummer:<\/strong><br data-start=\"1206\" data-end=\"1209\" \/>13-09-098301<\/p><p data-start=\"1223\" data-end=\"1254\"><strong data-start=\"1223\" data-end=\"1240\">Steuernummer:<\/strong><br data-start=\"1240\" data-end=\"1243\" \/>13240646213<\/p><p data-start=\"1256\" data-end=\"1323\"><strong data-start=\"1256\" data-end=\"1268\">Kontakt:<\/strong><br data-start=\"1268\" data-end=\"1271\" \/>E-Mail: <a class=\"decorated-link cursor-pointer\" href=\"mailto:hello@lanyardshop.eu\" rel=\"noopener\" data-start=\"1279\" data-end=\"1296\">hello@lanyardshop.eu<\/a><br data-start=\"1296\" data-end=\"1299\" \/>Telefon: <a href=\"tel:+36703357057\">+36 70 335 7057<\/a><\/p><p data-start=\"1325\" data-end=\"1475\"><strong data-start=\"1325\" data-end=\"1346\">Hosting-Anbieter:<\/strong><br data-start=\"1346\" data-end=\"1349\" \/>Sybell Hosting<br data-start=\"1363\" data-end=\"1366\" \/>E-Mail: <a class=\"decorated-link cursor-pointer\" href=\"mailto:hello@sybell.hu\" rel=\"noopener\" data-start=\"1374\" data-end=\"1389\">hello@sybell.hu<\/a><br data-start=\"1389\" data-end=\"1392\" \/>Telefon: <a href=\"tel:+3617076726\">+36 1 707 67 26<\/a><br data-start=\"1416\" data-end=\"1419\" \/>Support: <a class=\"decorated-link cursor-pointer\" href=\"mailto:support@sybell.hu\" rel=\"noopener\" data-start=\"1428\" data-end=\"1445\">support@sybell.hu<\/a><br data-start=\"1445\" data-end=\"1448\" \/>Finanzen: <a class=\"decorated-link cursor-pointer\" href=\"mailto:penzugy@sybell.hu\" rel=\"noopener\" data-start=\"1458\" data-end=\"1475\">penzugy@sybell.hu<\/a><\/p>\t\t\t\t\t\t\t\t<\/div>\n\t\t\t\t\t<\/div>\n\t\t\t\t<\/div>\n\t\t\t\t<\/div>\n\t\t","protected":false},"excerpt":{"rendered":"<p>Impressum Diensteanbieter:B\u00e1nkuti 2004 Kft. Sitz:2600 V\u00e1c, Csatamez\u0151 u. 6\/a., Ungarn Handelsregisternummer:13-09-098301 Steuernummer:13240646213 Kontakt:E-Mail: hello@lanyardshop.euTelefon: +36 70 335 7057 Hosting-Anbieter:Sybell HostingE-Mail: hello@sybell.huTelefon: +36 1 707 67 26Support: support@sybell.huFinanzen: penzugy@sybell.hu<\/p>\n","protected":false},"author":2,"featured_media":0,"parent":0,"menu_order":0,"comment_status":"closed","ping_status":"closed","template":"","meta":{"footnotes":""},"class_list":["post-766","page","type-page","status-publish","hentry"],"yoast_head":"<!-- This site is optimized with the Yoast SEO Premium plugin v27.3 (Yoast SEO v27.3) - https:\/\/yoast.com\/product\/yoast-seo-premium-wordpress\/ -->\n<title>Impressum - Lanyard Shop<\/title>\n<meta name=\"robots\" content=\"noindex, follow, max-snippet:-1, max-image-preview:large, max-video-preview:-1\" \/>\n<meta property=\"og:locale\" content=\"de_DE\" \/>\n<meta property=\"og:type\" content=\"article\" \/>\n<meta property=\"og:title\" content=\"Impressum\" \/>\n<meta property=\"og:description\" content=\"Impressum Diensteanbieter:B\u00e1nkuti 2004 Kft. Sitz:2600 V\u00e1c, Csatamez\u0151 u. 6\/a., Ungarn Handelsregisternummer:13-09-098301 Steuernummer:13240646213 Kontakt:E-Mail: hello@lanyardshop.euTelefon: +36 70 335 7057 Hosting-Anbieter:Sybell HostingE-Mail: hello@sybell.huTelefon: +36 1 707 67 26Support: support@sybell.huFinanzen: penzugy@sybell.hu\" \/>\n<meta property=\"og:url\" content=\"https:\/\/lanyardshop.eu\/de\/impressum\/\" \/>\n<meta property=\"og:site_name\" content=\"Lanyard Shop\" \/>\n<meta property=\"article:modified_time\" content=\"2026-03-25T10:28:06+00:00\" \/>\n<meta name=\"twitter:card\" content=\"summary_large_image\" \/>\n<script type=\"application\/ld+json\" class=\"yoast-schema-graph\">{\"@context\":\"https:\\\/\\\/schema.org\",\"@graph\":[{\"@type\":\"WebPage\",\"@id\":\"https:\\\/\\\/lanyardshop.eu\\\/de\\\/impressum\\\/\",\"url\":\"https:\\\/\\\/lanyardshop.eu\\\/de\\\/impressum\\\/\",\"name\":\"Impressum - Lanyard Shop\",\"isPartOf\":{\"@id\":\"https:\\\/\\\/lanyardshop.eu\\\/de\\\/#website\"},\"datePublished\":\"2026-03-23T14:21:17+00:00\",\"dateModified\":\"2026-03-25T10:28:06+00:00\",\"breadcrumb\":{\"@id\":\"https:\\\/\\\/lanyardshop.eu\\\/de\\\/impressum\\\/#breadcrumb\"},\"inLanguage\":\"de\",\"potentialAction\":[{\"@type\":\"ReadAction\",\"target\":[\"https:\\\/\\\/lanyardshop.eu\\\/de\\\/impressum\\\/\"]}]},{\"@type\":\"BreadcrumbList\",\"@id\":\"https:\\\/\\\/lanyardshop.eu\\\/de\\\/impressum\\\/#breadcrumb\",\"itemListElement\":[{\"@type\":\"ListItem\",\"position\":1,\"name\":\"Home\",\"item\":\"https:\\\/\\\/lanyardshop.eu\\\/de\\\/\"},{\"@type\":\"ListItem\",\"position\":2,\"name\":\"Impressum\"}]},{\"@type\":\"WebSite\",\"@id\":\"https:\\\/\\\/lanyardshop.eu\\\/de\\\/#website\",\"url\":\"https:\\\/\\\/lanyardshop.eu\\\/de\\\/\",\"name\":\"Lanyard Shop\",\"description\":\"\",\"publisher\":{\"@id\":\"https:\\\/\\\/lanyardshop.eu\\\/de\\\/#organization\"},\"potentialAction\":[{\"@type\":\"SearchAction\",\"target\":{\"@type\":\"EntryPoint\",\"urlTemplate\":\"https:\\\/\\\/lanyardshop.eu\\\/de\\\/?s={search_term_string}\"},\"query-input\":{\"@type\":\"PropertyValueSpecification\",\"valueRequired\":true,\"valueName\":\"search_term_string\"}}],\"inLanguage\":\"de\"},{\"@type\":\"Organization\",\"@id\":\"https:\\\/\\\/lanyardshop.eu\\\/de\\\/#organization\",\"name\":\"Lanyard Shop\",\"url\":\"https:\\\/\\\/lanyardshop.eu\\\/de\\\/\",\"logo\":{\"@type\":\"ImageObject\",\"inLanguage\":\"de\",\"@id\":\"https:\\\/\\\/lanyardshop.eu\\\/de\\\/#\\\/schema\\\/logo\\\/image\\\/\",\"url\":\"https:\\\/\\\/lanyardshop.eu\\\/wp-content\\\/uploads\\\/2026\\\/03\\\/lanyardshop_eu_logo.png\",\"contentUrl\":\"https:\\\/\\\/lanyardshop.eu\\\/wp-content\\\/uploads\\\/2026\\\/03\\\/lanyardshop_eu_logo.png\",\"width\":350,\"height\":55,\"caption\":\"Lanyard Shop\"},\"image\":{\"@id\":\"https:\\\/\\\/lanyardshop.eu\\\/de\\\/#\\\/schema\\\/logo\\\/image\\\/\"}}]}<\/script>\n<!-- \/ Yoast SEO Premium plugin. -->","yoast_head_json":{"title":"Impressum - Lanyard Shop","robots":{"index":"noindex","follow":"follow","max-snippet":"max-snippet:-1","max-image-preview":"max-image-preview:large","max-video-preview":"max-video-preview:-1"},"og_locale":"de_DE","og_type":"article","og_title":"Impressum","og_description":"Impressum Diensteanbieter:B\u00e1nkuti 2004 Kft. Sitz:2600 V\u00e1c, Csatamez\u0151 u. 6\/a., Ungarn Handelsregisternummer:13-09-098301 Steuernummer:13240646213 Kontakt:E-Mail: hello@lanyardshop.euTelefon: +36 70 335 7057 Hosting-Anbieter:Sybell HostingE-Mail: hello@sybell.huTelefon: +36 1 707 67 26Support: support@sybell.huFinanzen: penzugy@sybell.hu","og_url":"https:\/\/lanyardshop.eu\/de\/impressum\/","og_site_name":"Lanyard Shop","article_modified_time":"2026-03-25T10:28:06+00:00","twitter_card":"summary_large_image","schema":{"@context":"https:\/\/schema.org","@graph":[{"@type":"WebPage","@id":"https:\/\/lanyardshop.eu\/de\/impressum\/","url":"https:\/\/lanyardshop.eu\/de\/impressum\/","name":"Impressum - Lanyard Shop","isPartOf":{"@id":"https:\/\/lanyardshop.eu\/de\/#website"},"datePublished":"2026-03-23T14:21:17+00:00","dateModified":"2026-03-25T10:28:06+00:00","breadcrumb":{"@id":"https:\/\/lanyardshop.eu\/de\/impressum\/#breadcrumb"},"inLanguage":"de","potentialAction":[{"@type":"ReadAction","target":["https:\/\/lanyardshop.eu\/de\/impressum\/"]}]},{"@type":"BreadcrumbList","@id":"https:\/\/lanyardshop.eu\/de\/impressum\/#breadcrumb","itemListElement":[{"@type":"ListItem","position":1,"name":"Home","item":"https:\/\/lanyardshop.eu\/de\/"},{"@type":"ListItem","position":2,"name":"Impressum"}]},{"@type":"WebSite","@id":"https:\/\/lanyardshop.eu\/de\/#website","url":"https:\/\/lanyardshop.eu\/de\/","name":"Lanyard Shop","description":"","publisher":{"@id":"https:\/\/lanyardshop.eu\/de\/#organization"},"potentialAction":[{"@type":"SearchAction","target":{"@type":"EntryPoint","urlTemplate":"https:\/\/lanyardshop.eu\/de\/?s={search_term_string}"},"query-input":{"@type":"PropertyValueSpecification","valueRequired":true,"valueName":"search_term_string"}}],"inLanguage":"de"},{"@type":"Organization","@id":"https:\/\/lanyardshop.eu\/de\/#organization","name":"Lanyard Shop","url":"https:\/\/lanyardshop.eu\/de\/","logo":{"@type":"ImageObject","inLanguage":"de","@id":"https:\/\/lanyardshop.eu\/de\/#\/schema\/logo\/image\/","url":"https:\/\/lanyardshop.eu\/wp-content\/uploads\/2026\/03\/lanyardshop_eu_logo.png","contentUrl":"https:\/\/lanyardshop.eu\/wp-content\/uploads\/2026\/03\/lanyardshop_eu_logo.png","width":350,"height":55,"caption":"Lanyard Shop"},"image":{"@id":"https:\/\/lanyardshop.eu\/de\/#\/schema\/logo\/image\/"}}]}},"_links":{"self":[{"href":"https:\/\/lanyardshop.eu\/de\/wp-json\/wp\/v2\/pages\/766","targetHints":{"allow":["GET"]}}],"collection":[{"href":"https:\/\/lanyardshop.eu\/de\/wp-json\/wp\/v2\/pages"}],"about":[{"href":"https:\/\/lanyardshop.eu\/de\/wp-json\/wp\/v2\/types\/page"}],"author":[{"embeddable":true,"href":"https:\/\/lanyardshop.eu\/de\/wp-json\/wp\/v2\/users\/2"}],"replies":[{"embeddable":true,"href":"https:\/\/lanyardshop.eu\/de\/wp-json\/wp\/v2\/comments?post=766"}],"version-history":[{"count":0,"href":"https:\/\/lanyardshop.eu\/de\/wp-json\/wp\/v2\/pages\/766\/revisions"}],"wp:attachment":[{"href":"https:\/\/lanyardshop.eu\/de\/wp-json\/wp\/v2\/media?parent=766"}],"curies":[{"name":"wp","href":"https:\/\/api.w.org\/{rel}","templated":true}]}}