{"id":771,"date":"2026-03-23T15:21:17","date_gmt":"2026-03-23T14:21:17","guid":{"rendered":"https:\/\/lanyardshop.eu\/?page_id=771"},"modified":"2026-03-25T11:29:38","modified_gmt":"2026-03-25T10:29:38","slug":"impresszum","status":"publish","type":"page","link":"https:\/\/lanyardshop.eu\/hu\/impresszum\/","title":{"rendered":"Impresszum"},"content":{"rendered":"\t\t<div data-elementor-type=\"wp-page\" data-elementor-id=\"771\" class=\"elementor elementor-771 elementor-342\" data-elementor-post-type=\"page\">\n\t\t\t\t<div class=\"elementor-element elementor-element-f88f3df e-flex e-con-boxed e-con e-parent\" data-id=\"f88f3df\" data-element_type=\"container\" data-e-type=\"container\" data-settings=\"{&quot;background_background&quot;:&quot;classic&quot;}\">\n\t\t\t\t\t<div class=\"e-con-inner\">\n\t\t\t\t<div class=\"elementor-element elementor-element-80dd397 elementor-widget elementor-widget-heading\" data-id=\"80dd397\" data-element_type=\"widget\" data-e-type=\"widget\" data-widget_type=\"heading.default\">\n\t\t\t\t\t<h1 class=\"elementor-heading-title elementor-size-default\">Impresszum<\/h1>\t\t\t\t<\/div>\n\t\t\t\t\t<\/div>\n\t\t\t\t<\/div>\n\t\t<div class=\"elementor-element elementor-element-cbbf4e3 e-flex e-con-boxed e-con e-parent\" data-id=\"cbbf4e3\" data-element_type=\"container\" data-e-type=\"container\">\n\t\t\t\t\t<div class=\"e-con-inner\">\n\t\t\t\t<div class=\"elementor-element elementor-element-1cb3c4b elementor-widget__width-initial elementor-widget elementor-widget-text-editor\" data-id=\"1cb3c4b\" data-element_type=\"widget\" data-e-type=\"widget\" data-widget_type=\"text-editor.default\">\n\t\t\t\t\t\t\t\t\t<p data-start=\"239\" data-end=\"280\"><strong data-start=\"239\" data-end=\"260\">Szolg\u00e1ltat\u00f3 neve:<\/strong><br data-start=\"260\" data-end=\"263\" \/>B\u00e1nkuti 2004 Kft.<\/p><p data-start=\"282\" data-end=\"325\"><strong data-start=\"282\" data-end=\"295\">Sz\u00e9khely:<\/strong><br data-start=\"295\" data-end=\"298\" \/>2600 V\u00e1c, Csatamez\u0151 u. 6\/a.<\/p><p data-start=\"327\" data-end=\"361\"><strong data-start=\"327\" data-end=\"346\">C\u00e9gjegyz\u00e9ksz\u00e1m:<\/strong><br data-start=\"346\" data-end=\"349\" \/>13-09-098301<\/p><p data-start=\"363\" data-end=\"389\"><strong data-start=\"363\" data-end=\"375\">Ad\u00f3sz\u00e1m:<\/strong><br data-start=\"375\" data-end=\"378\" \/>13240646213<\/p><p data-start=\"391\" data-end=\"466\"><strong data-start=\"391\" data-end=\"411\">Kapcsolattart\u00e1s:<\/strong><br data-start=\"411\" data-end=\"414\" \/>E-mail: <a href=\"mailto:hello@lanyardshop.eu\">hello@lanyardshop.eu<\/a><br data-start=\"439\" data-end=\"442\" \/>Telefon: <a href=\"tel:+36703357057\">+36 70 335 7057<\/a><\/p><p data-start=\"468\" data-end=\"626\"><strong data-start=\"468\" data-end=\"491\">T\u00e1rhelyszolg\u00e1ltat\u00f3:<\/strong><br data-start=\"491\" data-end=\"494\" \/>Sybell Hosting<br data-start=\"508\" data-end=\"511\" \/>E-mail: <a class=\"decorated-link cursor-pointer\" href=\"mailto:hello@sybell.hu\" rel=\"noopener\" data-start=\"519\" data-end=\"534\">hello@sybell.hu<\/a><br data-start=\"534\" data-end=\"537\" \/>Telefon: <a href=\"tel:+3617076726\">+36 1 707 67 26<\/a><br data-start=\"561\" data-end=\"564\" \/>Hibabejelent\u00e9s: <a class=\"decorated-link cursor-pointer\" href=\"mailto:support@sybell.hu\" rel=\"noopener\" data-start=\"580\" data-end=\"597\">support@sybell.hu<\/a><br data-start=\"597\" data-end=\"600\" \/>P\u00e9nz\u00fcgy: <a class=\"decorated-link cursor-pointer\" href=\"mailto:penzugy@sybell.hu\" rel=\"noopener\" data-start=\"609\" data-end=\"626\">penzugy@sybell.hu<\/a><\/p>\t\t\t\t\t\t\t\t<\/div>\n\t\t\t\t\t<\/div>\n\t\t\t\t<\/div>\n\t\t\t\t<\/div>\n\t\t","protected":false},"excerpt":{"rendered":"<p>Impresszum Szolg\u00e1ltat\u00f3 neve:B\u00e1nkuti 2004 Kft. Sz\u00e9khely:2600 V\u00e1c, Csatamez\u0151 u. 6\/a. C\u00e9gjegyz\u00e9ksz\u00e1m:13-09-098301 Ad\u00f3sz\u00e1m:13240646213 Kapcsolattart\u00e1s:E-mail: hello@lanyardshop.euTelefon: +36 70 335 7057 T\u00e1rhelyszolg\u00e1ltat\u00f3:Sybell HostingE-mail: hello@sybell.huTelefon: +36 1 707 67 26Hibabejelent\u00e9s: support@sybell.huP\u00e9nz\u00fcgy: penzugy@sybell.hu<\/p>\n","protected":false},"author":2,"featured_media":0,"parent":0,"menu_order":0,"comment_status":"closed","ping_status":"closed","template":"","meta":{"footnotes":""},"class_list":["post-771","page","type-page","status-publish","hentry"],"yoast_head":"<!-- This site is optimized with the Yoast SEO Premium plugin v27.3 (Yoast SEO v27.3) - https:\/\/yoast.com\/product\/yoast-seo-premium-wordpress\/ -->\n<title>Impresszum - Lanyard Shop<\/title>\n<meta name=\"robots\" content=\"noindex, follow, max-snippet:-1, max-image-preview:large, max-video-preview:-1\" \/>\n<meta property=\"og:locale\" content=\"hu_HU\" \/>\n<meta property=\"og:type\" content=\"article\" \/>\n<meta property=\"og:title\" content=\"Impresszum\" \/>\n<meta property=\"og:description\" content=\"Impresszum Szolg\u00e1ltat\u00f3 neve:B\u00e1nkuti 2004 Kft. Sz\u00e9khely:2600 V\u00e1c, Csatamez\u0151 u. 6\/a. C\u00e9gjegyz\u00e9ksz\u00e1m:13-09-098301 Ad\u00f3sz\u00e1m:13240646213 Kapcsolattart\u00e1s:E-mail: hello@lanyardshop.euTelefon: +36 70 335 7057 T\u00e1rhelyszolg\u00e1ltat\u00f3:Sybell HostingE-mail: hello@sybell.huTelefon: +36 1 707 67 26Hibabejelent\u00e9s: support@sybell.huP\u00e9nz\u00fcgy: penzugy@sybell.hu\" \/>\n<meta property=\"og:url\" content=\"https:\/\/lanyardshop.eu\/hu\/impresszum\/\" \/>\n<meta property=\"og:site_name\" content=\"Lanyard Shop\" \/>\n<meta property=\"article:modified_time\" content=\"2026-03-25T10:29:38+00:00\" \/>\n<meta name=\"twitter:card\" content=\"summary_large_image\" \/>\n<script type=\"application\/ld+json\" class=\"yoast-schema-graph\">{\"@context\":\"https:\\\/\\\/schema.org\",\"@graph\":[{\"@type\":\"WebPage\",\"@id\":\"https:\\\/\\\/lanyardshop.eu\\\/hu\\\/impresszum\\\/\",\"url\":\"https:\\\/\\\/lanyardshop.eu\\\/hu\\\/impresszum\\\/\",\"name\":\"Impresszum - Lanyard Shop\",\"isPartOf\":{\"@id\":\"https:\\\/\\\/lanyardshop.eu\\\/de\\\/#website\"},\"datePublished\":\"2026-03-23T14:21:17+00:00\",\"dateModified\":\"2026-03-25T10:29:38+00:00\",\"breadcrumb\":{\"@id\":\"https:\\\/\\\/lanyardshop.eu\\\/hu\\\/impresszum\\\/#breadcrumb\"},\"inLanguage\":\"hu\",\"potentialAction\":[{\"@type\":\"ReadAction\",\"target\":[\"https:\\\/\\\/lanyardshop.eu\\\/hu\\\/impresszum\\\/\"]}]},{\"@type\":\"BreadcrumbList\",\"@id\":\"https:\\\/\\\/lanyardshop.eu\\\/hu\\\/impresszum\\\/#breadcrumb\",\"itemListElement\":[{\"@type\":\"ListItem\",\"position\":1,\"name\":\"Home\",\"item\":\"https:\\\/\\\/lanyardshop.eu\\\/hu\\\/\"},{\"@type\":\"ListItem\",\"position\":2,\"name\":\"Impresszum\"}]},{\"@type\":\"WebSite\",\"@id\":\"https:\\\/\\\/lanyardshop.eu\\\/de\\\/#website\",\"url\":\"https:\\\/\\\/lanyardshop.eu\\\/de\\\/\",\"name\":\"Lanyard Shop\",\"description\":\"\",\"publisher\":{\"@id\":\"https:\\\/\\\/lanyardshop.eu\\\/de\\\/#organization\"},\"potentialAction\":[{\"@type\":\"SearchAction\",\"target\":{\"@type\":\"EntryPoint\",\"urlTemplate\":\"https:\\\/\\\/lanyardshop.eu\\\/de\\\/?s={search_term_string}\"},\"query-input\":{\"@type\":\"PropertyValueSpecification\",\"valueRequired\":true,\"valueName\":\"search_term_string\"}}],\"inLanguage\":\"hu\"},{\"@type\":\"Organization\",\"@id\":\"https:\\\/\\\/lanyardshop.eu\\\/de\\\/#organization\",\"name\":\"Lanyard Shop\",\"url\":\"https:\\\/\\\/lanyardshop.eu\\\/de\\\/\",\"logo\":{\"@type\":\"ImageObject\",\"inLanguage\":\"hu\",\"@id\":\"https:\\\/\\\/lanyardshop.eu\\\/de\\\/#\\\/schema\\\/logo\\\/image\\\/\",\"url\":\"https:\\\/\\\/lanyardshop.eu\\\/wp-content\\\/uploads\\\/2026\\\/03\\\/lanyardshop_eu_logo.png\",\"contentUrl\":\"https:\\\/\\\/lanyardshop.eu\\\/wp-content\\\/uploads\\\/2026\\\/03\\\/lanyardshop_eu_logo.png\",\"width\":350,\"height\":55,\"caption\":\"Lanyard Shop\"},\"image\":{\"@id\":\"https:\\\/\\\/lanyardshop.eu\\\/de\\\/#\\\/schema\\\/logo\\\/image\\\/\"}}]}<\/script>\n<!-- \/ Yoast SEO Premium plugin. -->","yoast_head_json":{"title":"Impresszum - Lanyard Shop","robots":{"index":"noindex","follow":"follow","max-snippet":"max-snippet:-1","max-image-preview":"max-image-preview:large","max-video-preview":"max-video-preview:-1"},"og_locale":"hu_HU","og_type":"article","og_title":"Impresszum","og_description":"Impresszum Szolg\u00e1ltat\u00f3 neve:B\u00e1nkuti 2004 Kft. Sz\u00e9khely:2600 V\u00e1c, Csatamez\u0151 u. 6\/a. C\u00e9gjegyz\u00e9ksz\u00e1m:13-09-098301 Ad\u00f3sz\u00e1m:13240646213 Kapcsolattart\u00e1s:E-mail: hello@lanyardshop.euTelefon: +36 70 335 7057 T\u00e1rhelyszolg\u00e1ltat\u00f3:Sybell HostingE-mail: hello@sybell.huTelefon: +36 1 707 67 26Hibabejelent\u00e9s: support@sybell.huP\u00e9nz\u00fcgy: penzugy@sybell.hu","og_url":"https:\/\/lanyardshop.eu\/hu\/impresszum\/","og_site_name":"Lanyard Shop","article_modified_time":"2026-03-25T10:29:38+00:00","twitter_card":"summary_large_image","schema":{"@context":"https:\/\/schema.org","@graph":[{"@type":"WebPage","@id":"https:\/\/lanyardshop.eu\/hu\/impresszum\/","url":"https:\/\/lanyardshop.eu\/hu\/impresszum\/","name":"Impresszum - Lanyard Shop","isPartOf":{"@id":"https:\/\/lanyardshop.eu\/de\/#website"},"datePublished":"2026-03-23T14:21:17+00:00","dateModified":"2026-03-25T10:29:38+00:00","breadcrumb":{"@id":"https:\/\/lanyardshop.eu\/hu\/impresszum\/#breadcrumb"},"inLanguage":"hu","potentialAction":[{"@type":"ReadAction","target":["https:\/\/lanyardshop.eu\/hu\/impresszum\/"]}]},{"@type":"BreadcrumbList","@id":"https:\/\/lanyardshop.eu\/hu\/impresszum\/#breadcrumb","itemListElement":[{"@type":"ListItem","position":1,"name":"Home","item":"https:\/\/lanyardshop.eu\/hu\/"},{"@type":"ListItem","position":2,"name":"Impresszum"}]},{"@type":"WebSite","@id":"https:\/\/lanyardshop.eu\/de\/#website","url":"https:\/\/lanyardshop.eu\/de\/","name":"Lanyard Shop","description":"","publisher":{"@id":"https:\/\/lanyardshop.eu\/de\/#organization"},"potentialAction":[{"@type":"SearchAction","target":{"@type":"EntryPoint","urlTemplate":"https:\/\/lanyardshop.eu\/de\/?s={search_term_string}"},"query-input":{"@type":"PropertyValueSpecification","valueRequired":true,"valueName":"search_term_string"}}],"inLanguage":"hu"},{"@type":"Organization","@id":"https:\/\/lanyardshop.eu\/de\/#organization","name":"Lanyard Shop","url":"https:\/\/lanyardshop.eu\/de\/","logo":{"@type":"ImageObject","inLanguage":"hu","@id":"https:\/\/lanyardshop.eu\/de\/#\/schema\/logo\/image\/","url":"https:\/\/lanyardshop.eu\/wp-content\/uploads\/2026\/03\/lanyardshop_eu_logo.png","contentUrl":"https:\/\/lanyardshop.eu\/wp-content\/uploads\/2026\/03\/lanyardshop_eu_logo.png","width":350,"height":55,"caption":"Lanyard Shop"},"image":{"@id":"https:\/\/lanyardshop.eu\/de\/#\/schema\/logo\/image\/"}}]}},"_links":{"self":[{"href":"https:\/\/lanyardshop.eu\/hu\/wp-json\/wp\/v2\/pages\/771","targetHints":{"allow":["GET"]}}],"collection":[{"href":"https:\/\/lanyardshop.eu\/hu\/wp-json\/wp\/v2\/pages"}],"about":[{"href":"https:\/\/lanyardshop.eu\/hu\/wp-json\/wp\/v2\/types\/page"}],"author":[{"embeddable":true,"href":"https:\/\/lanyardshop.eu\/hu\/wp-json\/wp\/v2\/users\/2"}],"replies":[{"embeddable":true,"href":"https:\/\/lanyardshop.eu\/hu\/wp-json\/wp\/v2\/comments?post=771"}],"version-history":[{"count":0,"href":"https:\/\/lanyardshop.eu\/hu\/wp-json\/wp\/v2\/pages\/771\/revisions"}],"wp:attachment":[{"href":"https:\/\/lanyardshop.eu\/hu\/wp-json\/wp\/v2\/media?parent=771"}],"curies":[{"name":"wp","href":"https:\/\/api.w.org\/{rel}","templated":true}]}}