{"id":784,"date":"2026-03-23T15:14:04","date_gmt":"2026-03-23T14:14:04","guid":{"rendered":"https:\/\/lanyardshop.eu\/?page_id=784"},"modified":"2026-03-25T11:41:14","modified_gmt":"2026-03-25T10:41:14","slug":"szallitasi-dijak","status":"publish","type":"page","link":"https:\/\/lanyardshop.eu\/hu\/szallitasi-dijak\/","title":{"rendered":"Sz\u00e1ll\u00edt\u00e1si d\u00edjak"},"content":{"rendered":"\t\t<div data-elementor-type=\"wp-page\" data-elementor-id=\"784\" class=\"elementor elementor-784 elementor-324\" data-elementor-post-type=\"page\">\n\t\t\t\t<div class=\"elementor-element elementor-element-ca23f6a e-flex e-con-boxed e-con e-parent\" data-id=\"ca23f6a\" data-element_type=\"container\" data-e-type=\"container\" data-settings=\"{&quot;background_background&quot;:&quot;classic&quot;}\">\n\t\t\t\t\t<div class=\"e-con-inner\">\n\t\t\t\t<div class=\"elementor-element elementor-element-bc7fefd elementor-widget elementor-widget-heading\" data-id=\"bc7fefd\" data-element_type=\"widget\" data-e-type=\"widget\" data-widget_type=\"heading.default\">\n\t\t\t\t\t<h1 class=\"elementor-heading-title elementor-size-default\">Sz\u00e1ll\u00edt\u00e1si d\u00edjak<\/h1>\t\t\t\t<\/div>\n\t\t\t\t\t<\/div>\n\t\t\t\t<\/div>\n\t\t<div class=\"elementor-element elementor-element-bd4bc08 e-flex e-con-boxed e-con e-parent\" data-id=\"bd4bc08\" data-element_type=\"container\" data-e-type=\"container\">\n\t\t\t\t\t<div class=\"e-con-inner\">\n\t\t\t\t<div class=\"elementor-element elementor-element-dcb3d4d elementor-widget elementor-widget-heading\" data-id=\"dcb3d4d\" data-element_type=\"widget\" data-e-type=\"widget\" data-widget_type=\"heading.default\">\n\t\t\t\t\t<h3 class=\"elementor-heading-title elementor-size-default\">R\u00e9gi\u00f3 1 \u2013 H\u00e1zhoz sz\u00e1ll\u00edt\u00e1s<\/h3>\t\t\t\t<\/div>\n\t\t\t\t<div class=\"elementor-element elementor-element-88b17d0 elementor-widget elementor-widget-text-editor\" data-id=\"88b17d0\" data-element_type=\"widget\" data-e-type=\"widget\" data-widget_type=\"text-editor.default\">\n\t\t\t\t\t\t\t\t\t<p><strong data-start=\"146\" data-end=\"165\">Sz\u00e1ll\u00edt\u00e1si id\u0151:<\/strong> 1\u20132 munkanap<br data-start=\"178\" data-end=\"181\" \/><strong data-start=\"181\" data-end=\"194\">Orsz\u00e1gok:<\/strong> Szlov\u00e1kia (1 nap), Szlov\u00e9nia, Ausztria, Csehorsz\u00e1g, Rom\u00e1nia, Horv\u00e1torsz\u00e1g (2 nap)<\/p>\t\t\t\t\t\t\t\t<\/div>\n\t\t\t\t<div class=\"elementor-element elementor-element-953f6ac elementor-widget elementor-widget-html\" data-id=\"953f6ac\" data-element_type=\"widget\" data-e-type=\"widget\" data-widget_type=\"html.default\">\n\t\t\t\t\t<div class=\"table-wrapper\">\r\n  <table class=\"shipping-table\">\r\n    <thead>\r\n      <tr>\r\n        <th>S\u00faly (kg)<\/th>\r\n        <th>\u00c1r (Ft)<\/th>\r\n      <\/tr>\r\n    <\/thead>\r\n    <tbody>\r\n      <tr><td>0\u20132 kg<\/td><td>2 764 Ft<\/td><\/tr>\r\n      <tr><td>2\u20133 kg<\/td><td>2 991 Ft<\/td><\/tr>\r\n      <tr><td>3\u20135 kg<\/td><td>3 410 Ft<\/td><\/tr>\r\n      <tr><td>5\u201310 kg<\/td><td>4 634 Ft<\/td><\/tr>\r\n      <tr><td>10\u201315 kg<\/td><td>5 940 Ft<\/td><\/tr>\r\n      <tr><td>15\u201320 kg<\/td><td>7 211 Ft<\/td><\/tr>\r\n      <tr><td>20\u201325 kg<\/td><td>8 525 Ft<\/td><\/tr>\r\n      <tr><td>25\u201330 kg<\/td><td>9 934 Ft<\/td><\/tr>\r\n      <tr><td>30\u201340 kg<\/td><td>13 063 Ft<\/td><\/tr>\r\n    <\/tbody>\r\n  <\/table>\r\n<\/div>\t\t\t\t<\/div>\n\t\t\t\t<div class=\"elementor-element elementor-element-9bc9875 elementor-widget elementor-widget-heading\" data-id=\"9bc9875\" data-element_type=\"widget\" data-e-type=\"widget\" data-widget_type=\"heading.default\">\n\t\t\t\t\t<h3 class=\"elementor-heading-title elementor-size-default\">R\u00e9gi\u00f3 2 \u2013 H\u00e1zhoz sz\u00e1ll\u00edt\u00e1s<\/h3>\t\t\t\t<\/div>\n\t\t\t\t<div class=\"elementor-element elementor-element-66a6c9b elementor-widget elementor-widget-text-editor\" data-id=\"66a6c9b\" data-element_type=\"widget\" data-e-type=\"widget\" data-widget_type=\"text-editor.default\">\n\t\t\t\t\t\t\t\t\t<p><strong data-start=\"982\" data-end=\"1001\">Sz\u00e1ll\u00edt\u00e1si id\u0151:<\/strong> 2\u20133 munkanap<br data-start=\"1014\" data-end=\"1017\" \/><strong data-start=\"1017\" data-end=\"1030\">Orsz\u00e1gok:<\/strong> Lengyelorsz\u00e1g (2 nap), N\u00e9metorsz\u00e1g (2 nap), Belgium, Hollandia, Luxemburg, Liechtenstein, Bulg\u00e1ria, Sv\u00e1jc (3 nap)<\/p>\t\t\t\t\t\t\t\t<\/div>\n\t\t\t\t<div class=\"elementor-element elementor-element-c5a047e elementor-widget elementor-widget-html\" data-id=\"c5a047e\" data-element_type=\"widget\" data-e-type=\"widget\" data-widget_type=\"html.default\">\n\t\t\t\t\t<div class=\"table-wrapper\">\n  <table class=\"shipping-table\">\n    <thead>\n      <tr>\n        <th>S\u00faly (kg)<\/th>\n        <th>\u00c1r (Ft)<\/th>\n      <\/tr>\n    <\/thead>\n<tbody>\n<tr><td>0\u20132 kg<\/td><td>3 438 Ft<\/td><\/tr>\n<tr><td>2\u20133 kg<\/td><td>4 139 Ft<\/td><\/tr>\n<tr><td>3\u20135 kg<\/td><td>5 060 Ft<\/td><\/tr>\n<tr><td>5\u201310 kg<\/td><td>7 425 Ft<\/td><\/tr>\n<tr><td>10\u201315 kg<\/td><td>9 811 Ft<\/td><\/tr>\n<tr><td>15\u201320 kg<\/td><td>12 155 Ft<\/td><\/tr>\n<tr><td>20\u201325 kg<\/td><td>14 651 Ft<\/td><\/tr>\n<tr><td>25\u201330 kg<\/td><td>16 734 Ft<\/td><\/tr>\n<tr><td>30\u201340 kg<\/td><td>22 908 Ft<\/td><\/tr>\n<\/tbody>\n  <\/table>\n<\/div>\t\t\t\t<\/div>\n\t\t\t\t<div class=\"elementor-element elementor-element-be55044 elementor-widget elementor-widget-heading\" data-id=\"be55044\" data-element_type=\"widget\" data-e-type=\"widget\" data-widget_type=\"heading.default\">\n\t\t\t\t\t<h3 class=\"elementor-heading-title elementor-size-default\">R\u00e9gi\u00f3 3 \u2013 H\u00e1zhoz sz\u00e1ll\u00edt\u00e1s<\/h3>\t\t\t\t<\/div>\n\t\t\t\t<div class=\"elementor-element elementor-element-9bcb8ac elementor-widget elementor-widget-text-editor\" data-id=\"9bcb8ac\" data-element_type=\"widget\" data-e-type=\"widget\" data-widget_type=\"text-editor.default\">\n\t\t\t\t\t\t\t\t\t<p><strong data-start=\"1612\" data-end=\"1631\">Sz\u00e1ll\u00edt\u00e1si id\u0151:<\/strong> 3\u20135 munkanap<br data-start=\"1644\" data-end=\"1647\" \/><strong data-start=\"1647\" data-end=\"1660\">Orsz\u00e1gok:<\/strong> D\u00e1nia (3 nap), Franciaorsz\u00e1g, Vatik\u00e1n, Olaszorsz\u00e1g (3\u20135 nap), Egyes\u00fclt Kir\u00e1lys\u00e1g, \u00c9szak-\u00cdrorsz\u00e1g, Monaco (4 nap), \u00cdrorsz\u00e1g (5 nap)<\/p>\t\t\t\t\t\t\t\t<\/div>\n\t\t\t\t<div class=\"elementor-element elementor-element-9e84008 elementor-widget elementor-widget-html\" data-id=\"9e84008\" data-element_type=\"widget\" data-e-type=\"widget\" data-widget_type=\"html.default\">\n\t\t\t\t\t<div class=\"table-wrapper\">\r\n  <table class=\"shipping-table\">\r\n    <thead>\r\n      <tr>\r\n        <th>S\u00faly (kg)<\/th>\r\n        <th>\u00c1r (Ft)<\/th>\r\n      <\/tr>\r\n    <\/thead>\r\n    <tbody>\r\n<tr><td>0\u20132 kg<\/td><td>5 569 Ft<\/td><\/tr>\r\n<tr><td>2\u20133 kg<\/td><td>6 469 Ft<\/td><\/tr>\r\n<tr><td>3\u20135 kg<\/td><td>7 879 Ft<\/td><\/tr>\r\n<tr><td>5\u201310 kg<\/td><td>11 433 Ft<\/td><\/tr>\r\n<tr><td>10\u201315 kg<\/td><td>15 118 Ft<\/td><\/tr>\r\n<tr><td>15\u201320 kg<\/td><td>18 700 Ft<\/td><\/tr>\r\n<tr><td>20\u201325 kg<\/td><td>22 358 Ft<\/td><\/tr>\r\n<tr><td>25\u201330 kg<\/td><td>25 947 Ft<\/td><\/tr>\r\n<tr><td>30\u201340 kg<\/td><td>36 438 Ft<\/td><\/tr>\r\n<\/tbody>\r\n  <\/table>\r\n<\/div>\t\t\t\t<\/div>\n\t\t\t\t<div class=\"elementor-element elementor-element-4271e38 elementor-widget elementor-widget-heading\" data-id=\"4271e38\" data-element_type=\"widget\" data-e-type=\"widget\" data-widget_type=\"heading.default\">\n\t\t\t\t\t<h3 class=\"elementor-heading-title elementor-size-default\">R\u00e9gi\u00f3 4 \u2013 H\u00e1zhoz sz\u00e1ll\u00edt\u00e1s<\/h3>\t\t\t\t<\/div>\n\t\t\t\t<div class=\"elementor-element elementor-element-98a81c2 elementor-widget elementor-widget-text-editor\" data-id=\"98a81c2\" data-element_type=\"widget\" data-e-type=\"widget\" data-widget_type=\"text-editor.default\">\n\t\t\t\t\t\t\t\t\t<p><strong data-start=\"2261\" data-end=\"2280\">Sz\u00e1ll\u00edt\u00e1si id\u0151:<\/strong> 3\u20137 munkanap<br data-start=\"2293\" data-end=\"2296\" \/><strong data-start=\"2296\" data-end=\"2309\">Orsz\u00e1gok:<\/strong> Litv\u00e1nia (3 nap), Lettorsz\u00e1g (4 nap), Spanyolorsz\u00e1g (4\u20136 nap), Sv\u00e9dorsz\u00e1g (4\u20137 nap), \u00c9sztorsz\u00e1g (5 nap), Norv\u00e9gia, G\u00f6r\u00f6gorsz\u00e1g, Portug\u00e1lia, Finnorsz\u00e1g (5\u20137 nap)<\/p>\t\t\t\t\t\t\t\t<\/div>\n\t\t\t\t<div class=\"elementor-element elementor-element-7d4f8c5 elementor-widget elementor-widget-html\" data-id=\"7d4f8c5\" data-element_type=\"widget\" data-e-type=\"widget\" data-widget_type=\"html.default\">\n\t\t\t\t\t<div class=\"table-wrapper\">\r\n  <table class=\"shipping-table\">\r\n    <thead>\r\n      <tr>\r\n        <th>S\u00faly (kg)<\/th>\r\n        <th>\u00c1r (Ft)<\/th>\r\n      <\/tr>\r\n    <\/thead>\r\n    <tbody>\r\n<tr><td>0\u20132 kg<\/td><td>7 954 Ft<\/td><\/tr>\r\n<tr><td>2\u20133 kg<\/td><td>8 532 Ft<\/td><\/tr>\r\n<tr><td>3\u20135 kg<\/td><td>9 591 Ft<\/td><\/tr>\r\n<tr><td>5\u201310 kg<\/td><td>11 667 Ft<\/td><\/tr>\r\n<tr><td>10\u201315 kg<\/td><td>13 743 Ft<\/td><\/tr>\r\n<tr><td>15\u201320 kg<\/td><td>15 813 Ft<\/td><\/tr>\r\n<tr><td>20\u201325 kg<\/td><td>17 875 Ft<\/td><\/tr>\r\n<tr><td>25\u201330 kg<\/td><td>19 938 Ft<\/td><\/tr>\r\n<tr><td>30\u201340 kg<\/td><td>24 028 Ft<\/td><\/tr>\r\n<\/tbody>\r\n  <\/table>\r\n<\/div>\t\t\t\t<\/div>\n\t\t\t\t<div class=\"elementor-element elementor-element-c5c0fa4 elementor-widget elementor-widget-heading\" data-id=\"c5c0fa4\" data-element_type=\"widget\" data-e-type=\"widget\" data-widget_type=\"heading.default\">\n\t\t\t\t\t<h3 class=\"elementor-heading-title elementor-size-default\">R\u00e9gi\u00f3 5 \u2013 H\u00e1zhoz sz\u00e1ll\u00edt\u00e1s<\/h3>\t\t\t\t<\/div>\n\t\t\t\t<div class=\"elementor-element elementor-element-d1b0030 elementor-widget elementor-widget-text-editor\" data-id=\"d1b0030\" data-element_type=\"widget\" data-e-type=\"widget\" data-widget_type=\"text-editor.default\">\n\t\t\t\t\t\t\t\t\t<p><strong data-start=\"2940\" data-end=\"2959\">Sz\u00e1ll\u00edt\u00e1si id\u0151:<\/strong> 2\u20137 munkanap<br data-start=\"2972\" data-end=\"2975\" \/><strong data-start=\"2975\" data-end=\"2988\">Orsz\u00e1gok:<\/strong> Szerbia (2 nap), Bosznia-Hercegovina, Montenegr\u00f3, Izland (3 nap), Alb\u00e1nia, \u00c9szak-Maced\u00f3nia (4 nap), M\u00e1lta (5 nap), Ciprus, Koszov\u00f3 (6\u20137 nap)<\/p>\t\t\t\t\t\t\t\t<\/div>\n\t\t\t\t<div class=\"elementor-element elementor-element-49fe7e7 elementor-widget elementor-widget-html\" data-id=\"49fe7e7\" data-element_type=\"widget\" data-e-type=\"widget\" data-widget_type=\"html.default\">\n\t\t\t\t\t<div class=\"table-wrapper\">\r\n  <table class=\"shipping-table\">\r\n    <thead>\r\n      <tr>\r\n        <th>S\u00faly (kg)<\/th>\r\n        <th>\u00c1r (Ft)<\/th>\r\n      <\/tr>\r\n    <\/thead>\r\n    <tbody>\r\n<tr><td>0\u20132 kg<\/td><td>47 762 Ft<\/td><\/tr>\r\n<tr><td>2\u20133 kg<\/td><td>53 533 Ft<\/td><\/tr>\r\n<tr><td>3\u20135 kg<\/td><td>66 032 Ft<\/td><\/tr>\r\n<tr><td>5\u201310 kg<\/td><td>98 373 Ft<\/td><\/tr>\r\n<tr><td>10\u201315 kg<\/td><td>127 512 Ft<\/td><\/tr>\r\n<tr><td>15\u201320 kg<\/td><td>153 454 Ft<\/td><\/tr>\r\n<tr><td>20\u201325 kg<\/td><td>176 193 Ft<\/td><\/tr>\r\n<tr><td>25\u201330 kg<\/td><td>195 732 Ft<\/td><\/tr>\r\n<tr><td>30\u201340 kg<\/td><td>322 251 Ft<\/td><\/tr>\r\n<\/tbody>\r\n  <\/table>\r\n<\/div>\t\t\t\t<\/div>\n\t\t\t\t\t<\/div>\n\t\t\t\t<\/div>\n\t\t\t\t<\/div>\n\t\t","protected":false},"excerpt":{"rendered":"<p>Sz\u00e1ll\u00edt\u00e1si d\u00edjak R\u00e9gi\u00f3 1 \u2013 H\u00e1zhoz sz\u00e1ll\u00edt\u00e1s Sz\u00e1ll\u00edt\u00e1si id\u0151: 1\u20132 munkanapOrsz\u00e1gok: Szlov\u00e1kia (1 nap), Szlov\u00e9nia, Ausztria, Csehorsz\u00e1g, Rom\u00e1nia, Horv\u00e1torsz\u00e1g (2 nap) S\u00faly (kg) \u00c1r (Ft) 0\u20132 kg 2 764 Ft 2\u20133 kg 2 991 Ft 3\u20135 kg 3 410 Ft 5\u201310 kg 4 634 Ft 10\u201315 kg 5 940 Ft 15\u201320 kg 7 211 Ft [&hellip;]<\/p>\n","protected":false},"author":2,"featured_media":0,"parent":0,"menu_order":0,"comment_status":"closed","ping_status":"closed","template":"","meta":{"footnotes":""},"class_list":["post-784","page","type-page","status-publish","hentry"],"yoast_head":"<!-- This site is optimized with the Yoast SEO Premium plugin v27.3 (Yoast SEO v27.3) - https:\/\/yoast.com\/product\/yoast-seo-premium-wordpress\/ -->\n<title>Sz\u00e1ll\u00edt\u00e1si d\u00edjak - Lanyard Shop<\/title>\n<meta name=\"robots\" content=\"noindex, follow, max-snippet:-1, max-image-preview:large, max-video-preview:-1\" \/>\n<meta property=\"og:locale\" content=\"hu_HU\" \/>\n<meta property=\"og:type\" content=\"article\" \/>\n<meta property=\"og:title\" content=\"Sz\u00e1ll\u00edt\u00e1si d\u00edjak\" \/>\n<meta property=\"og:description\" content=\"Sz\u00e1ll\u00edt\u00e1si d\u00edjak R\u00e9gi\u00f3 1 \u2013 H\u00e1zhoz sz\u00e1ll\u00edt\u00e1s Sz\u00e1ll\u00edt\u00e1si id\u0151: 1\u20132 munkanapOrsz\u00e1gok: Szlov\u00e1kia (1 nap), Szlov\u00e9nia, Ausztria, Csehorsz\u00e1g, Rom\u00e1nia, Horv\u00e1torsz\u00e1g (2 nap) S\u00faly (kg) \u00c1r (Ft) 0\u20132 kg 2 764 Ft 2\u20133 kg 2 991 Ft 3\u20135 kg 3 410 Ft 5\u201310 kg 4 634 Ft 10\u201315 kg 5 940 Ft 15\u201320 kg 7 211 Ft [&hellip;]\" \/>\n<meta property=\"og:url\" content=\"https:\/\/lanyardshop.eu\/hu\/szallitasi-dijak\/\" \/>\n<meta property=\"og:site_name\" content=\"Lanyard Shop\" \/>\n<meta property=\"article:modified_time\" content=\"2026-03-25T10:41:14+00:00\" \/>\n<meta name=\"twitter:card\" content=\"summary_large_image\" \/>\n<meta name=\"twitter:label1\" content=\"Becs\u00fclt olvas\u00e1si id\u0151\" \/>\n\t<meta name=\"twitter:data1\" content=\"1 perc\" \/>\n<script type=\"application\/ld+json\" class=\"yoast-schema-graph\">{\"@context\":\"https:\\\/\\\/schema.org\",\"@graph\":[{\"@type\":\"WebPage\",\"@id\":\"https:\\\/\\\/lanyardshop.eu\\\/hu\\\/szallitasi-dijak\\\/\",\"url\":\"https:\\\/\\\/lanyardshop.eu\\\/hu\\\/szallitasi-dijak\\\/\",\"name\":\"Sz\u00e1ll\u00edt\u00e1si d\u00edjak - Lanyard Shop\",\"isPartOf\":{\"@id\":\"https:\\\/\\\/lanyardshop.eu\\\/de\\\/#website\"},\"datePublished\":\"2026-03-23T14:14:04+00:00\",\"dateModified\":\"2026-03-25T10:41:14+00:00\",\"breadcrumb\":{\"@id\":\"https:\\\/\\\/lanyardshop.eu\\\/hu\\\/szallitasi-dijak\\\/#breadcrumb\"},\"inLanguage\":\"hu\",\"potentialAction\":[{\"@type\":\"ReadAction\",\"target\":[\"https:\\\/\\\/lanyardshop.eu\\\/hu\\\/szallitasi-dijak\\\/\"]}]},{\"@type\":\"BreadcrumbList\",\"@id\":\"https:\\\/\\\/lanyardshop.eu\\\/hu\\\/szallitasi-dijak\\\/#breadcrumb\",\"itemListElement\":[{\"@type\":\"ListItem\",\"position\":1,\"name\":\"Home\",\"item\":\"https:\\\/\\\/lanyardshop.eu\\\/hu\\\/\"},{\"@type\":\"ListItem\",\"position\":2,\"name\":\"Sz\u00e1ll\u00edt\u00e1si d\u00edjak\"}]},{\"@type\":\"WebSite\",\"@id\":\"https:\\\/\\\/lanyardshop.eu\\\/de\\\/#website\",\"url\":\"https:\\\/\\\/lanyardshop.eu\\\/de\\\/\",\"name\":\"Lanyard Shop\",\"description\":\"\",\"publisher\":{\"@id\":\"https:\\\/\\\/lanyardshop.eu\\\/de\\\/#organization\"},\"potentialAction\":[{\"@type\":\"SearchAction\",\"target\":{\"@type\":\"EntryPoint\",\"urlTemplate\":\"https:\\\/\\\/lanyardshop.eu\\\/de\\\/?s={search_term_string}\"},\"query-input\":{\"@type\":\"PropertyValueSpecification\",\"valueRequired\":true,\"valueName\":\"search_term_string\"}}],\"inLanguage\":\"hu\"},{\"@type\":\"Organization\",\"@id\":\"https:\\\/\\\/lanyardshop.eu\\\/de\\\/#organization\",\"name\":\"Lanyard Shop\",\"url\":\"https:\\\/\\\/lanyardshop.eu\\\/de\\\/\",\"logo\":{\"@type\":\"ImageObject\",\"inLanguage\":\"hu\",\"@id\":\"https:\\\/\\\/lanyardshop.eu\\\/de\\\/#\\\/schema\\\/logo\\\/image\\\/\",\"url\":\"https:\\\/\\\/lanyardshop.eu\\\/wp-content\\\/uploads\\\/2026\\\/03\\\/lanyardshop_eu_logo.png\",\"contentUrl\":\"https:\\\/\\\/lanyardshop.eu\\\/wp-content\\\/uploads\\\/2026\\\/03\\\/lanyardshop_eu_logo.png\",\"width\":350,\"height\":55,\"caption\":\"Lanyard Shop\"},\"image\":{\"@id\":\"https:\\\/\\\/lanyardshop.eu\\\/de\\\/#\\\/schema\\\/logo\\\/image\\\/\"}}]}<\/script>\n<!-- \/ Yoast SEO Premium plugin. -->","yoast_head_json":{"title":"Sz\u00e1ll\u00edt\u00e1si d\u00edjak - Lanyard Shop","robots":{"index":"noindex","follow":"follow","max-snippet":"max-snippet:-1","max-image-preview":"max-image-preview:large","max-video-preview":"max-video-preview:-1"},"og_locale":"hu_HU","og_type":"article","og_title":"Sz\u00e1ll\u00edt\u00e1si d\u00edjak","og_description":"Sz\u00e1ll\u00edt\u00e1si d\u00edjak R\u00e9gi\u00f3 1 \u2013 H\u00e1zhoz sz\u00e1ll\u00edt\u00e1s Sz\u00e1ll\u00edt\u00e1si id\u0151: 1\u20132 munkanapOrsz\u00e1gok: Szlov\u00e1kia (1 nap), Szlov\u00e9nia, Ausztria, Csehorsz\u00e1g, Rom\u00e1nia, Horv\u00e1torsz\u00e1g (2 nap) S\u00faly (kg) \u00c1r (Ft) 0\u20132 kg 2 764 Ft 2\u20133 kg 2 991 Ft 3\u20135 kg 3 410 Ft 5\u201310 kg 4 634 Ft 10\u201315 kg 5 940 Ft 15\u201320 kg 7 211 Ft [&hellip;]","og_url":"https:\/\/lanyardshop.eu\/hu\/szallitasi-dijak\/","og_site_name":"Lanyard Shop","article_modified_time":"2026-03-25T10:41:14+00:00","twitter_card":"summary_large_image","twitter_misc":{"Becs\u00fclt olvas\u00e1si id\u0151":"1 perc"},"schema":{"@context":"https:\/\/schema.org","@graph":[{"@type":"WebPage","@id":"https:\/\/lanyardshop.eu\/hu\/szallitasi-dijak\/","url":"https:\/\/lanyardshop.eu\/hu\/szallitasi-dijak\/","name":"Sz\u00e1ll\u00edt\u00e1si d\u00edjak - Lanyard Shop","isPartOf":{"@id":"https:\/\/lanyardshop.eu\/de\/#website"},"datePublished":"2026-03-23T14:14:04+00:00","dateModified":"2026-03-25T10:41:14+00:00","breadcrumb":{"@id":"https:\/\/lanyardshop.eu\/hu\/szallitasi-dijak\/#breadcrumb"},"inLanguage":"hu","potentialAction":[{"@type":"ReadAction","target":["https:\/\/lanyardshop.eu\/hu\/szallitasi-dijak\/"]}]},{"@type":"BreadcrumbList","@id":"https:\/\/lanyardshop.eu\/hu\/szallitasi-dijak\/#breadcrumb","itemListElement":[{"@type":"ListItem","position":1,"name":"Home","item":"https:\/\/lanyardshop.eu\/hu\/"},{"@type":"ListItem","position":2,"name":"Sz\u00e1ll\u00edt\u00e1si d\u00edjak"}]},{"@type":"WebSite","@id":"https:\/\/lanyardshop.eu\/de\/#website","url":"https:\/\/lanyardshop.eu\/de\/","name":"Lanyard Shop","description":"","publisher":{"@id":"https:\/\/lanyardshop.eu\/de\/#organization"},"potentialAction":[{"@type":"SearchAction","target":{"@type":"EntryPoint","urlTemplate":"https:\/\/lanyardshop.eu\/de\/?s={search_term_string}"},"query-input":{"@type":"PropertyValueSpecification","valueRequired":true,"valueName":"search_term_string"}}],"inLanguage":"hu"},{"@type":"Organization","@id":"https:\/\/lanyardshop.eu\/de\/#organization","name":"Lanyard Shop","url":"https:\/\/lanyardshop.eu\/de\/","logo":{"@type":"ImageObject","inLanguage":"hu","@id":"https:\/\/lanyardshop.eu\/de\/#\/schema\/logo\/image\/","url":"https:\/\/lanyardshop.eu\/wp-content\/uploads\/2026\/03\/lanyardshop_eu_logo.png","contentUrl":"https:\/\/lanyardshop.eu\/wp-content\/uploads\/2026\/03\/lanyardshop_eu_logo.png","width":350,"height":55,"caption":"Lanyard Shop"},"image":{"@id":"https:\/\/lanyardshop.eu\/de\/#\/schema\/logo\/image\/"}}]}},"_links":{"self":[{"href":"https:\/\/lanyardshop.eu\/hu\/wp-json\/wp\/v2\/pages\/784","targetHints":{"allow":["GET"]}}],"collection":[{"href":"https:\/\/lanyardshop.eu\/hu\/wp-json\/wp\/v2\/pages"}],"about":[{"href":"https:\/\/lanyardshop.eu\/hu\/wp-json\/wp\/v2\/types\/page"}],"author":[{"embeddable":true,"href":"https:\/\/lanyardshop.eu\/hu\/wp-json\/wp\/v2\/users\/2"}],"replies":[{"embeddable":true,"href":"https:\/\/lanyardshop.eu\/hu\/wp-json\/wp\/v2\/comments?post=784"}],"version-history":[{"count":0,"href":"https:\/\/lanyardshop.eu\/hu\/wp-json\/wp\/v2\/pages\/784\/revisions"}],"wp:attachment":[{"href":"https:\/\/lanyardshop.eu\/hu\/wp-json\/wp\/v2\/media?parent=784"}],"curies":[{"name":"wp","href":"https:\/\/api.w.org\/{rel}","templated":true}]}}