{"id":1568,"date":"2026-04-02T10:59:06","date_gmt":"2026-04-02T08:59:06","guid":{"rendered":"https:\/\/lanyardshop.eu\/?post_type=product&#038;p=1568"},"modified":"2026-04-02T11:01:57","modified_gmt":"2026-04-02T09:01:57","slug":"wristband-paper","status":"publish","type":"product","link":"https:\/\/lanyardshop.eu\/hu\/termek\/wristband-paper\/","title":{"rendered":"Wristband paper"},"content":{"rendered":"<p><strong>Lorem Ipsum<\/strong>\u00a0is simply dummy text of the printing and typesetting industry. Lorem Ipsum has been the industry&#8217;s standard dummy text ever since the 1500s, when an unknown printer took a galley of type and scrambled it to make a type specimen book.<\/p>\n","protected":false},"excerpt":{"rendered":"<p><strong>Lorem Ipsum<\/strong>\u00a0is simply dummy text of the printing and typesetting industry.<\/p>\n","protected":false},"featured_media":1567,"template":"","meta":[],"product_brand":[],"product_cat":[131],"product_tag":[],"class_list":{"0":"post-1568","1":"product","2":"type-product","3":"status-publish","4":"has-post-thumbnail","6":"product_cat-papir-karszalag","7":"tm-has-options","9":"first","10":"instock","11":"taxable","12":"shipping-taxable","13":"purchasable","14":"product-type-variable","15":"has-default-attributes"},"yoast_head":"<!-- This site is optimized with the Yoast SEO Premium plugin v27.3 (Yoast SEO v27.3) - https:\/\/yoast.com\/product\/yoast-seo-premium-wordpress\/ -->\n<title>Wristband paper - Lanyard Shop<\/title>\n<meta name=\"robots\" content=\"noindex, follow, max-snippet:-1, max-image-preview:large, max-video-preview:-1\" \/>\n<meta property=\"og:locale\" content=\"hu_HU\" \/>\n<meta property=\"og:type\" content=\"article\" \/>\n<meta property=\"og:title\" content=\"Wristband paper\" \/>\n<meta property=\"og:description\" content=\"Lorem Ipsum\u00a0is simply dummy text of the printing and typesetting industry.\" \/>\n<meta property=\"og:url\" content=\"https:\/\/lanyardshop.eu\/hu\/termek\/wristband-paper\/\" \/>\n<meta property=\"og:site_name\" content=\"Lanyard Shop\" \/>\n<meta property=\"article:modified_time\" content=\"2026-04-02T09:01:57+00:00\" \/>\n<meta property=\"og:image\" content=\"https:\/\/lanyardshop.eu\/wp-content\/uploads\/2026\/04\/wristband-paper.jpg\" \/>\n\t<meta property=\"og:image:width\" content=\"1080\" \/>\n\t<meta property=\"og:image:height\" content=\"1080\" \/>\n\t<meta property=\"og:image:type\" content=\"image\/jpeg\" \/>\n<meta name=\"twitter:card\" content=\"summary_large_image\" \/>\n<meta name=\"twitter:label1\" content=\"Becs\u00fclt olvas\u00e1si id\u0151\" \/>\n\t<meta name=\"twitter:data1\" content=\"1 perc\" \/>\n<script type=\"application\/ld+json\" class=\"yoast-schema-graph\">{\"@context\":\"https:\\\/\\\/schema.org\",\"@graph\":[{\"@type\":\"WebPage\",\"@id\":\"https:\\\/\\\/lanyardshop.eu\\\/hu\\\/termek\\\/wristband-paper\\\/\",\"url\":\"https:\\\/\\\/lanyardshop.eu\\\/hu\\\/termek\\\/wristband-paper\\\/\",\"name\":\"Wristband paper - Lanyard Shop\",\"isPartOf\":{\"@id\":\"https:\\\/\\\/lanyardshop.eu\\\/de\\\/#website\"},\"primaryImageOfPage\":{\"@id\":\"https:\\\/\\\/lanyardshop.eu\\\/hu\\\/termek\\\/wristband-paper\\\/#primaryimage\"},\"image\":{\"@id\":\"https:\\\/\\\/lanyardshop.eu\\\/hu\\\/termek\\\/wristband-paper\\\/#primaryimage\"},\"thumbnailUrl\":\"https:\\\/\\\/lanyardshop.eu\\\/wp-content\\\/uploads\\\/2026\\\/04\\\/wristband-paper.jpg\",\"datePublished\":\"2026-04-02T08:59:06+00:00\",\"dateModified\":\"2026-04-02T09:01:57+00:00\",\"breadcrumb\":{\"@id\":\"https:\\\/\\\/lanyardshop.eu\\\/hu\\\/termek\\\/wristband-paper\\\/#breadcrumb\"},\"inLanguage\":\"hu\",\"potentialAction\":[{\"@type\":\"ReadAction\",\"target\":[\"https:\\\/\\\/lanyardshop.eu\\\/hu\\\/termek\\\/wristband-paper\\\/\"]}]},{\"@type\":\"ImageObject\",\"inLanguage\":\"hu\",\"@id\":\"https:\\\/\\\/lanyardshop.eu\\\/hu\\\/termek\\\/wristband-paper\\\/#primaryimage\",\"url\":\"https:\\\/\\\/lanyardshop.eu\\\/wp-content\\\/uploads\\\/2026\\\/04\\\/wristband-paper.jpg\",\"contentUrl\":\"https:\\\/\\\/lanyardshop.eu\\\/wp-content\\\/uploads\\\/2026\\\/04\\\/wristband-paper.jpg\",\"width\":1080,\"height\":1080},{\"@type\":\"BreadcrumbList\",\"@id\":\"https:\\\/\\\/lanyardshop.eu\\\/hu\\\/termek\\\/wristband-paper\\\/#breadcrumb\",\"itemListElement\":[{\"@type\":\"ListItem\",\"position\":1,\"name\":\"Home\",\"item\":\"https:\\\/\\\/lanyardshop.eu\\\/hu\\\/\"},{\"@type\":\"ListItem\",\"position\":2,\"name\":\"Term\u00e9kek\",\"item\":\"https:\\\/\\\/lanyardshop.eu\\\/hu\\\/termekek\\\/\"},{\"@type\":\"ListItem\",\"position\":3,\"name\":\"Wristband paper\"}]},{\"@type\":\"WebSite\",\"@id\":\"https:\\\/\\\/lanyardshop.eu\\\/de\\\/#website\",\"url\":\"https:\\\/\\\/lanyardshop.eu\\\/de\\\/\",\"name\":\"Lanyard Shop\",\"description\":\"\",\"publisher\":{\"@id\":\"https:\\\/\\\/lanyardshop.eu\\\/de\\\/#organization\"},\"potentialAction\":[{\"@type\":\"SearchAction\",\"target\":{\"@type\":\"EntryPoint\",\"urlTemplate\":\"https:\\\/\\\/lanyardshop.eu\\\/de\\\/?s={search_term_string}\"},\"query-input\":{\"@type\":\"PropertyValueSpecification\",\"valueRequired\":true,\"valueName\":\"search_term_string\"}}],\"inLanguage\":\"hu\"},{\"@type\":\"Organization\",\"@id\":\"https:\\\/\\\/lanyardshop.eu\\\/de\\\/#organization\",\"name\":\"Lanyard Shop\",\"url\":\"https:\\\/\\\/lanyardshop.eu\\\/de\\\/\",\"logo\":{\"@type\":\"ImageObject\",\"inLanguage\":\"hu\",\"@id\":\"https:\\\/\\\/lanyardshop.eu\\\/de\\\/#\\\/schema\\\/logo\\\/image\\\/\",\"url\":\"https:\\\/\\\/lanyardshop.eu\\\/wp-content\\\/uploads\\\/2026\\\/03\\\/lanyardshop_eu_logo.png\",\"contentUrl\":\"https:\\\/\\\/lanyardshop.eu\\\/wp-content\\\/uploads\\\/2026\\\/03\\\/lanyardshop_eu_logo.png\",\"width\":350,\"height\":55,\"caption\":\"Lanyard Shop\"},\"image\":{\"@id\":\"https:\\\/\\\/lanyardshop.eu\\\/de\\\/#\\\/schema\\\/logo\\\/image\\\/\"}}]}<\/script>\n<!-- \/ Yoast SEO Premium plugin. -->","yoast_head_json":{"title":"Wristband paper - Lanyard Shop","robots":{"index":"noindex","follow":"follow","max-snippet":"max-snippet:-1","max-image-preview":"max-image-preview:large","max-video-preview":"max-video-preview:-1"},"og_locale":"hu_HU","og_type":"article","og_title":"Wristband paper","og_description":"Lorem Ipsum\u00a0is simply dummy text of the printing and typesetting industry.","og_url":"https:\/\/lanyardshop.eu\/hu\/termek\/wristband-paper\/","og_site_name":"Lanyard Shop","article_modified_time":"2026-04-02T09:01:57+00:00","og_image":[{"width":1080,"height":1080,"url":"https:\/\/lanyardshop.eu\/wp-content\/uploads\/2026\/04\/wristband-paper.jpg","type":"image\/jpeg"}],"twitter_card":"summary_large_image","twitter_misc":{"Becs\u00fclt olvas\u00e1si id\u0151":"1 perc"},"schema":{"@context":"https:\/\/schema.org","@graph":[{"@type":"WebPage","@id":"https:\/\/lanyardshop.eu\/hu\/termek\/wristband-paper\/","url":"https:\/\/lanyardshop.eu\/hu\/termek\/wristband-paper\/","name":"Wristband paper - Lanyard Shop","isPartOf":{"@id":"https:\/\/lanyardshop.eu\/de\/#website"},"primaryImageOfPage":{"@id":"https:\/\/lanyardshop.eu\/hu\/termek\/wristband-paper\/#primaryimage"},"image":{"@id":"https:\/\/lanyardshop.eu\/hu\/termek\/wristband-paper\/#primaryimage"},"thumbnailUrl":"https:\/\/lanyardshop.eu\/wp-content\/uploads\/2026\/04\/wristband-paper.jpg","datePublished":"2026-04-02T08:59:06+00:00","dateModified":"2026-04-02T09:01:57+00:00","breadcrumb":{"@id":"https:\/\/lanyardshop.eu\/hu\/termek\/wristband-paper\/#breadcrumb"},"inLanguage":"hu","potentialAction":[{"@type":"ReadAction","target":["https:\/\/lanyardshop.eu\/hu\/termek\/wristband-paper\/"]}]},{"@type":"ImageObject","inLanguage":"hu","@id":"https:\/\/lanyardshop.eu\/hu\/termek\/wristband-paper\/#primaryimage","url":"https:\/\/lanyardshop.eu\/wp-content\/uploads\/2026\/04\/wristband-paper.jpg","contentUrl":"https:\/\/lanyardshop.eu\/wp-content\/uploads\/2026\/04\/wristband-paper.jpg","width":1080,"height":1080},{"@type":"BreadcrumbList","@id":"https:\/\/lanyardshop.eu\/hu\/termek\/wristband-paper\/#breadcrumb","itemListElement":[{"@type":"ListItem","position":1,"name":"Home","item":"https:\/\/lanyardshop.eu\/hu\/"},{"@type":"ListItem","position":2,"name":"Term\u00e9kek","item":"https:\/\/lanyardshop.eu\/hu\/termekek\/"},{"@type":"ListItem","position":3,"name":"Wristband paper"}]},{"@type":"WebSite","@id":"https:\/\/lanyardshop.eu\/de\/#website","url":"https:\/\/lanyardshop.eu\/de\/","name":"Lanyard Shop","description":"","publisher":{"@id":"https:\/\/lanyardshop.eu\/de\/#organization"},"potentialAction":[{"@type":"SearchAction","target":{"@type":"EntryPoint","urlTemplate":"https:\/\/lanyardshop.eu\/de\/?s={search_term_string}"},"query-input":{"@type":"PropertyValueSpecification","valueRequired":true,"valueName":"search_term_string"}}],"inLanguage":"hu"},{"@type":"Organization","@id":"https:\/\/lanyardshop.eu\/de\/#organization","name":"Lanyard Shop","url":"https:\/\/lanyardshop.eu\/de\/","logo":{"@type":"ImageObject","inLanguage":"hu","@id":"https:\/\/lanyardshop.eu\/de\/#\/schema\/logo\/image\/","url":"https:\/\/lanyardshop.eu\/wp-content\/uploads\/2026\/03\/lanyardshop_eu_logo.png","contentUrl":"https:\/\/lanyardshop.eu\/wp-content\/uploads\/2026\/03\/lanyardshop_eu_logo.png","width":350,"height":55,"caption":"Lanyard Shop"},"image":{"@id":"https:\/\/lanyardshop.eu\/de\/#\/schema\/logo\/image\/"}}]}},"tiered_pricing_type":"fixed","tiered_pricing_fixed_rules":[],"tiered_pricing_product_settings":{"layout":"default","base_unit_name":{"singular":null,"plural":null},"default_variation":null},"tiered_pricing_minimum_quantity":null,"tiered_pricing_roles_data":[],"tiered_pricing_percentage_rules":[],"tiered_pricing_maximum_quantity":null,"tiered_pricing_quantity_step":null,"_links":{"self":[{"href":"https:\/\/lanyardshop.eu\/hu\/wp-json\/wp\/v2\/product\/1568","targetHints":{"allow":["GET"]}}],"collection":[{"href":"https:\/\/lanyardshop.eu\/hu\/wp-json\/wp\/v2\/product"}],"about":[{"href":"https:\/\/lanyardshop.eu\/hu\/wp-json\/wp\/v2\/types\/product"}],"wp:featuredmedia":[{"embeddable":true,"href":"https:\/\/lanyardshop.eu\/hu\/wp-json\/wp\/v2\/media\/1567"}],"wp:attachment":[{"href":"https:\/\/lanyardshop.eu\/hu\/wp-json\/wp\/v2\/media?parent=1568"}],"wp:term":[{"taxonomy":"product_brand","embeddable":true,"href":"https:\/\/lanyardshop.eu\/hu\/wp-json\/wp\/v2\/product_brand?post=1568"},{"taxonomy":"product_cat","embeddable":true,"href":"https:\/\/lanyardshop.eu\/hu\/wp-json\/wp\/v2\/product_cat?post=1568"},{"taxonomy":"product_tag","embeddable":true,"href":"https:\/\/lanyardshop.eu\/hu\/wp-json\/wp\/v2\/product_tag?post=1568"}],"curies":[{"name":"wp","href":"https:\/\/api.w.org\/{rel}","templated":true}]}}